{"id":21,"date":"2024-02-23T03:29:47","date_gmt":"2024-02-23T03:29:47","guid":{"rendered":"https:\/\/joseluissanzencuadernacion.com\/?page_id=21"},"modified":"2025-02-26T16:53:19","modified_gmt":"2025-02-26T16:53:19","slug":"contacto","status":"publish","type":"page","link":"https:\/\/www.joseluissanzencuadernacion.com\/en\/contacto\/","title":{"rendered":"Contacto"},"content":{"rendered":"\t\t<div data-elementor-type=\"wp-page\" data-elementor-id=\"21\" class=\"elementor elementor-21\">\n\t\t\t\t<div class=\"elementor-element elementor-element-2dd13e2 animated-slow e-flex e-con-boxed wpr-particle-no wpr-parallax-no wpr-sticky-section-no wpr-equal-height-no elementor-invisible e-con e-parent\" data-id=\"2dd13e2\" data-element_type=\"container\" data-e-type=\"container\" data-settings=\"{&quot;shape_divider_bottom&quot;:&quot;opacity-fan&quot;,&quot;animation&quot;:&quot;fadeIn&quot;,&quot;background_background&quot;:&quot;classic&quot;}\">\n\t\t\t\t\t<div class=\"e-con-inner\">\n\t\t\t\t<div class=\"elementor-shape elementor-shape-bottom\" aria-hidden=\"true\" data-negative=\"false\">\n\t\t\t<svg xmlns=\"http:\/\/www.w3.org\/2000\/svg\" viewBox=\"0 0 283.5 19.6\" preserveAspectRatio=\"none\">\n\t<path class=\"elementor-shape-fill\" style=\"opacity:0.33\" d=\"M0 0L0 18.8 141.8 4.1 283.5 18.8 283.5 0z\"\/>\n\t<path class=\"elementor-shape-fill\" style=\"opacity:0.33\" d=\"M0 0L0 12.6 141.8 4 283.5 12.6 283.5 0z\"\/>\n\t<path class=\"elementor-shape-fill\" style=\"opacity:0.33\" d=\"M0 0L0 6.4 141.8 4 283.5 6.4 283.5 0z\"\/>\n\t<path class=\"elementor-shape-fill\" d=\"M0 0L0 1.2 141.8 4 283.5 1.2 283.5 0z\"\/>\n<\/svg>\t\t<\/div>\n\t\t\t\t<div class=\"elementor-element elementor-element-1323268 elementor-widget elementor-widget-spacer\" data-id=\"1323268\" data-element_type=\"widget\" data-e-type=\"widget\" data-widget_type=\"spacer.default\">\n\t\t\t\t<div class=\"elementor-widget-container\">\n\t\t\t\t\t\t\t<div class=\"elementor-spacer\">\n\t\t\t<div class=\"elementor-spacer-inner\"><\/div>\n\t\t<\/div>\n\t\t\t\t\t\t<\/div>\n\t\t\t\t<\/div>\n\t\t\t\t<div class=\"elementor-element elementor-element-4968381 elementor-widget__width-initial elementor-widget elementor-widget-heading\" data-id=\"4968381\" data-element_type=\"widget\" data-e-type=\"widget\" data-widget_type=\"heading.default\">\n\t\t\t\t<div class=\"elementor-widget-container\">\n\t\t\t\t\t<h1 class=\"elementor-heading-title elementor-size-default\">Contacto<\/h1>\t\t\t\t<\/div>\n\t\t\t\t<\/div>\n\t\t\t\t\t<\/div>\n\t\t\t\t<\/div>\n\t\t<div class=\"elementor-element elementor-element-ac99f51 e-flex e-con-boxed wpr-particle-no wpr-jarallax-no wpr-parallax-no wpr-sticky-section-no wpr-equal-height-no elementor-invisible e-con e-parent\" data-id=\"ac99f51\" data-element_type=\"container\" data-e-type=\"container\" data-settings=\"{&quot;background_background&quot;:&quot;classic&quot;,&quot;animation&quot;:&quot;fadeInUp&quot;}\">\n\t\t\t\t\t<div class=\"e-con-inner\">\n\t\t\t\t<div class=\"elementor-element elementor-element-2db5933 elementor-widget elementor-widget-heading\" data-id=\"2db5933\" data-element_type=\"widget\" data-e-type=\"widget\" data-widget_type=\"heading.default\">\n\t\t\t\t<div class=\"elementor-widget-container\">\n\t\t\t\t\t<h2 class=\"elementor-heading-title elementor-size-large\">PUEDES ENCONTRARNOS AQU\u00cd<\/h2>\t\t\t\t<\/div>\n\t\t\t\t<\/div>\n\t\t\t\t\t<\/div>\n\t\t\t\t<\/div>\n\t\t<div class=\"elementor-element elementor-element-2ca7708 e-flex e-con-boxed wpr-particle-no wpr-jarallax-no wpr-parallax-no wpr-sticky-section-no wpr-equal-height-no elementor-invisible e-con e-parent\" data-id=\"2ca7708\" data-element_type=\"container\" data-e-type=\"container\" data-settings=\"{&quot;animation&quot;:&quot;fadeInUp&quot;}\">\n\t\t\t\t\t<div class=\"e-con-inner\">\n\t\t<div class=\"elementor-element elementor-element-68dc16f e-con-full e-flex wpr-particle-no wpr-jarallax-no wpr-parallax-no wpr-sticky-section-no wpr-equal-height-no e-con e-child\" data-id=\"68dc16f\" data-element_type=\"container\" data-e-type=\"container\">\n\t\t\t\t<div class=\"elementor-element elementor-element-27d2e8c elementor-widget elementor-widget-google_maps\" data-id=\"27d2e8c\" data-element_type=\"widget\" data-e-type=\"widget\" data-widget_type=\"google_maps.default\">\n\t\t\t\t<div class=\"elementor-widget-container\">\n\t\t\t\t\t\t\t<div class=\"elementor-custom-embed\">\n\t\t\t<iframe loading=\"lazy\"\n\t\t\t\t\tsrc=\"https:\/\/maps.google.com\/maps?q=40.34029214010778%2C%20-3.809150806887136&#038;t=m&#038;z=14&#038;output=embed&#038;iwloc=near\"\n\t\t\t\t\ttitle=\"40.34029214010778, -3.809150806887136\"\n\t\t\t\t\taria-label=\"40.34029214010778, -3.809150806887136\"\n\t\t\t><\/iframe>\n\t\t<\/div>\n\t\t\t\t\t\t<\/div>\n\t\t\t\t<\/div>\n\t\t\t\t<\/div>\n\t\t<div class=\"elementor-element elementor-element-b9232ad e-con-full e-flex wpr-particle-no wpr-jarallax-no wpr-parallax-no wpr-sticky-section-no wpr-equal-height-no e-con e-child\" data-id=\"b9232ad\" data-element_type=\"container\" data-e-type=\"container\">\n\t\t\t\t<div class=\"elementor-element elementor-element-70d89ea elementor-widget elementor-widget-text-editor\" data-id=\"70d89ea\" data-element_type=\"widget\" data-e-type=\"widget\" data-widget_type=\"text-editor.default\">\n\t\t\t\t<div class=\"elementor-widget-container\">\n\t\t\t\t\t\t\t\t\t<h4>Jos\u00e9 Luis Sanz Garc\u00eda ENCUADERNACI\u00d3N, S.L.<\/h4><p>Calle Cerrajeros, 7<br \/>Pol\u00edgono Industrial de URTINSA<br \/>28923 ALCORC\u00d3N (MADRID)<\/p><p>Tel. <span style=\"color: #003366;\"><a style=\"color: #003366;\" href=\"tel:9166415904\">91 641 59 04<\/a> \u2013 <a style=\"color: #003366;\" href=\"tel:916437395\">91 643 73 95<\/a><\/span><br \/>Fax. 91 643 64 40<\/p>\t\t\t\t\t\t\t\t<\/div>\n\t\t\t\t<\/div>\n\t\t\t\t<\/div>\n\t\t\t\t\t<\/div>\n\t\t\t\t<\/div>\n\t\t<div class=\"elementor-element elementor-element-5f2f49a e-flex e-con-boxed wpr-particle-no wpr-jarallax-no wpr-parallax-no wpr-sticky-section-no wpr-equal-height-no elementor-invisible e-con e-parent\" data-id=\"5f2f49a\" data-element_type=\"container\" data-e-type=\"container\" data-settings=\"{&quot;background_background&quot;:&quot;classic&quot;,&quot;animation&quot;:&quot;fadeInUp&quot;}\">\n\t\t\t\t\t<div class=\"e-con-inner\">\n\t\t\t\t<div class=\"elementor-element elementor-element-e0aeda5 elementor-widget elementor-widget-heading\" data-id=\"e0aeda5\" data-element_type=\"widget\" data-e-type=\"widget\" data-widget_type=\"heading.default\">\n\t\t\t\t<div class=\"elementor-widget-container\">\n\t\t\t\t\t<h2 class=\"elementor-heading-title elementor-size-large\">O NOS PUEDES ESCRIBIR<\/h2>\t\t\t\t<\/div>\n\t\t\t\t<\/div>\n\t\t\t\t\t<\/div>\n\t\t\t\t<\/div>\n\t\t<div class=\"elementor-element elementor-element-676ba96 e-flex e-con-boxed wpr-particle-no wpr-jarallax-no wpr-parallax-no wpr-sticky-section-no wpr-equal-height-no elementor-invisible e-con e-parent\" data-id=\"676ba96\" data-element_type=\"container\" data-e-type=\"container\" data-settings=\"{&quot;animation&quot;:&quot;fadeInUp&quot;}\">\n\t\t\t\t\t<div class=\"e-con-inner\">\n\t\t<div class=\"elementor-element elementor-element-59fa0d5 e-con-full e-flex wpr-particle-no wpr-jarallax-no wpr-parallax-no wpr-sticky-section-no wpr-equal-height-no e-con e-child\" data-id=\"59fa0d5\" data-element_type=\"container\" data-e-type=\"container\">\n\t\t\t\t<div class=\"elementor-element elementor-element-5dc8126 elementor-widget elementor-widget-text-editor\" data-id=\"5dc8126\" data-element_type=\"widget\" data-e-type=\"widget\" data-widget_type=\"text-editor.default\">\n\t\t\t\t<div class=\"elementor-widget-container\">\n\t\t\t\t\t\t\t\t\t<p>Rellena los campos del siguiente formulario y nosotros recibiremos tu solicitud por correo electr\u00f3nico.<\/p><p><strong>\u00a1Importante!<\/strong><\/p><p>Todos los campos son obligatorios.<\/p>\t\t\t\t\t\t\t\t<\/div>\n\t\t\t\t<\/div>\n\t\t\t\t<\/div>\n\t\t<div class=\"elementor-element elementor-element-2c62f0a e-con-full e-flex wpr-particle-no wpr-jarallax-no wpr-parallax-no wpr-sticky-section-no wpr-equal-height-no e-con e-child\" data-id=\"2c62f0a\" data-element_type=\"container\" data-e-type=\"container\">\n\t\t\t\t<div class=\"elementor-element elementor-element-fb93a19 elementor-widget elementor-widget-text-editor\" data-id=\"fb93a19\" data-element_type=\"widget\" data-e-type=\"widget\" data-widget_type=\"text-editor.default\">\n\t\t\t\t<div class=\"elementor-widget-container\">\n\t\t\t\t\t\t\t\t\t<div class=\"forminator-ui forminator-custom-form forminator-custom-form-404 forminator-design--default  \" data-forminator-render=\"0\" data-form=\"forminator-module-404\" data-uid=\"69fc6074b7b4b\"><br\/><\/div><form\n\t\t\t\tid=\"forminator-module-404\"\n\t\t\t\tclass=\"forminator-ui forminator-custom-form forminator-custom-form-404 forminator-design--default  \"\n\t\t\t\tmethod=\"post\"\n\t\t\t\tdata-forminator-render=\"0\"\n\t\t\t\tdata-form-id=\"404\"\n\t\t\t\t data-color-option=\"default\" data-design=\"default\" data-grid=\"open\" style=\"display: none;\"\n\t\t\t\tdata-uid=\"69fc6074b7b4b\"\n\t\t\t><div role=\"alert\" aria-live=\"polite\" class=\"forminator-response-message forminator-error\" aria-hidden=\"true\"><\/div><div class=\"forminator-row\"><div id=\"name-1\" class=\"forminator-field-name forminator-col forminator-col-12 \"><div class=\"forminator-field\"><label for=\"forminator-field-name-1_69fc6074b7b4b\" id=\"forminator-field-name-1_69fc6074b7b4b-label\" class=\"forminator-label\">Nombre <span class=\"forminator-required\">*<\/span><\/label><input type=\"text\" name=\"name-1\" value=\"\" placeholder=\"Ejemplo: Juan\" id=\"forminator-field-name-1_69fc6074b7b4b\" class=\"forminator-input forminator-name--field\" aria-required=\"true\" autocomplete=\"name\" \/><\/div><\/div><\/div><div class=\"forminator-row\"><div id=\"email-1\" class=\"forminator-field-email forminator-col forminator-col-12 \"><div class=\"forminator-field\"><label for=\"forminator-field-email-1_69fc6074b7b4b\" id=\"forminator-field-email-1_69fc6074b7b4b-label\" class=\"forminator-label\">Direcci\u00f3n de correo electr\u00f3nico <span class=\"forminator-required\">*<\/span><\/label><input type=\"email\" name=\"email-1\" value=\"\" placeholder=\"Ej . : john@doe.com\" id=\"forminator-field-email-1_69fc6074b7b4b\" class=\"forminator-input forminator-email--field\" data-required=\"true\" aria-required=\"true\" autocomplete=\"email\" \/><\/div><\/div><\/div><div class=\"forminator-row\"><div id=\"phone-1\" class=\"forminator-field-phone forminator-col forminator-col-12 \"><div class=\"forminator-field\"><label for=\"forminator-field-phone-1_69fc6074b7b4b\" id=\"forminator-field-phone-1_69fc6074b7b4b-label\" class=\"forminator-label\">N\u00famero de tel\u00e9fono <span class=\"forminator-required\">*<\/span><\/label><input type=\"text\" name=\"phone-1\" value=\"\" placeholder=\"Ejemplo: +34 123 456 789\" id=\"forminator-field-phone-1_69fc6074b7b4b\" class=\"forminator-input forminator-field--phone\" data-required=\"1\" aria-required=\"true\" autocomplete=\"off\" \/><\/div><\/div><\/div><div class=\"forminator-row\"><div id=\"text-1\" class=\"forminator-field-text forminator-col forminator-col-12 \"><div class=\"forminator-field\"><label for=\"forminator-field-text-1_69fc6074b7b4b\" id=\"forminator-field-text-1_69fc6074b7b4b-label\" class=\"forminator-label\">Asunto del mensaje <span class=\"forminator-required\">*<\/span><\/label><input type=\"text\" name=\"text-1\" value=\"\" placeholder=\"\" id=\"forminator-field-text-1_69fc6074b7b4b\" class=\"forminator-input forminator-name--field\" data-required=\"1\" \/><\/div><\/div><\/div><div class=\"forminator-row\"><div id=\"textarea-1\" class=\"forminator-field-textarea forminator-col forminator-col-12 \"><div class=\"forminator-field\"><label for=\"forminator-field-textarea-1_69fc6074b7b4b\" id=\"forminator-field-textarea-1_69fc6074b7b4b-label\" class=\"forminator-label\">Mensaje <span class=\"forminator-required\">*<\/span><\/label><textarea name=\"textarea-1\" placeholder=\"Introduce tu mensaje...\" id=\"forminator-field-textarea-1_69fc6074b7b4b\" class=\"forminator-textarea\" rows=\"6\" style=\"--forminator-textarea-min-height:140px;\" ><\/textarea><\/div><\/div><\/div><input type=\"hidden\" name=\"referer_url\" value=\"\" \/><div class=\"forminator-row forminator-row-last\"><div class=\"forminator-col\"><div class=\"forminator-field\"><button class=\"forminator-button forminator-button-submit\">Enviar mensaje<\/button><\/div><\/div><\/div><input type=\"hidden\" id=\"forminator_nonce\" name=\"forminator_nonce\" value=\"aa4fd1c901\" \/><input type=\"hidden\" name=\"_wp_http_referer\" value=\"\/en\/wp-json\/wp\/v2\/pages\/21\" \/><input type=\"hidden\" name=\"form_id\" value=\"404\"><input type=\"hidden\" name=\"page_id\" value=\"21\"><input type=\"hidden\" name=\"form_type\" value=\"default\"><input type=\"hidden\" name=\"current_url\" value=\"https:\/\/www.joseluissanzencuadernacion.com\/en\/contacto\/\"><input type=\"hidden\" name=\"render_id\" value=\"0\"><input type=\"hidden\" name=\"action\" value=\"forminator_submit_form_custom-forms\"><\/form>\t\t\t\t\t\t\t\t<\/div>\n\t\t\t\t<\/div>\n\t\t\t\t<\/div>\n\t\t\t\t\t<\/div>\n\t\t\t\t<\/div>\n\t\t\t\t<\/div>\n\t\t","protected":false},"excerpt":{"rendered":"<p>Contacto PUEDES ENCONTRARNOS AQU\u00cd Jos\u00e9 Luis Sanz Garc\u00eda ENCUADERNACI\u00d3N, S.L. Calle Cerrajeros, 7Pol\u00edgono Industrial de URTINSA28923 ALCORC\u00d3N (MADRID) Tel. 91 641 59 04 \u2013 91 643 73 95Fax. 91 643 64 40 O NOS PUEDES ESCRIBIR Rellena los campos del siguiente formulario y nosotros recibiremos tu solicitud por correo electr\u00f3nico. \u00a1Importante! Todos los campos son obligatorios.<\/p>\n","protected":false},"author":1,"featured_media":0,"parent":0,"menu_order":0,"comment_status":"closed","ping_status":"closed","template":"elementor_header_footer","meta":{"footnotes":""},"class_list":["post-21","page","type-page","status-publish","hentry"],"yoast_head":"<!-- This site is optimized with the Yoast SEO plugin v27.5 - https:\/\/yoast.com\/product\/yoast-seo-wordpress\/ -->\n<title>Contacto<\/title>\n<meta name=\"robots\" content=\"index, follow, max-snippet:-1, max-image-preview:large, max-video-preview:-1\" \/>\n<link rel=\"canonical\" href=\"https:\/\/www.joseluissanzencuadernacion.com\/en\/contacto\/\" \/>\n<meta property=\"og:locale\" content=\"en_US\" \/>\n<meta property=\"og:locale:alternate\" content=\"es_ES\" \/>\n<meta property=\"og:type\" content=\"article\" \/>\n<meta property=\"og:title\" content=\"Contacto\" \/>\n<meta property=\"og:description\" content=\"Contacto PUEDES ENCONTRARNOS AQU\u00cd Jos\u00e9 Luis Sanz Garc\u00eda ENCUADERNACI\u00d3N, S.L. Calle Cerrajeros, 7Pol\u00edgono Industrial de URTINSA28923 ALCORC\u00d3N (MADRID) Tel. 91 641 59 04 \u2013 91 643 73 95Fax. 91 643 64 40 O NOS PUEDES ESCRIBIR Rellena los campos del siguiente formulario y nosotros recibiremos tu solicitud por correo electr\u00f3nico. \u00a1Importante! Todos los campos son obligatorios.\" \/>\n<meta property=\"og:url\" content=\"https:\/\/www.joseluissanzencuadernacion.com\/en\/contacto\/\" \/>\n<meta property=\"og:site_name\" content=\"Encuadernaciones Jose Luis Sanz\" \/>\n<meta property=\"article:modified_time\" content=\"2025-02-26T16:53:19+00:00\" \/>\n<meta name=\"twitter:card\" content=\"summary_large_image\" \/>\n<meta name=\"twitter:label1\" content=\"Est. reading time\" \/>\n\t<meta name=\"twitter:data1\" content=\"1 minute\" \/>\n<script type=\"application\/ld+json\" class=\"yoast-schema-graph\">{\"@context\":\"https:\\\/\\\/schema.org\",\"@graph\":[{\"@type\":\"WebPage\",\"@id\":\"https:\\\/\\\/www.joseluissanzencuadernacion.com\\\/contacto\\\/\",\"url\":\"https:\\\/\\\/www.joseluissanzencuadernacion.com\\\/contacto\\\/\",\"name\":\"Contacto\",\"isPartOf\":{\"@id\":\"https:\\\/\\\/www.joseluissanzencuadernacion.com\\\/#website\"},\"datePublished\":\"2024-02-23T03:29:47+00:00\",\"dateModified\":\"2025-02-26T16:53:19+00:00\",\"breadcrumb\":{\"@id\":\"https:\\\/\\\/www.joseluissanzencuadernacion.com\\\/contacto\\\/#breadcrumb\"},\"inLanguage\":\"en-US\",\"potentialAction\":[{\"@type\":\"ReadAction\",\"target\":[\"https:\\\/\\\/www.joseluissanzencuadernacion.com\\\/contacto\\\/\"]}]},{\"@type\":\"BreadcrumbList\",\"@id\":\"https:\\\/\\\/www.joseluissanzencuadernacion.com\\\/contacto\\\/#breadcrumb\",\"itemListElement\":[{\"@type\":\"ListItem\",\"position\":1,\"name\":\"Portada\",\"item\":\"https:\\\/\\\/www.joseluissanzencuadernacion.com\\\/\"},{\"@type\":\"ListItem\",\"position\":2,\"name\":\"Contacto\"}]},{\"@type\":\"WebSite\",\"@id\":\"https:\\\/\\\/www.joseluissanzencuadernacion.com\\\/#website\",\"url\":\"https:\\\/\\\/www.joseluissanzencuadernacion.com\\\/\",\"name\":\"Encuadernaciones Jose Luis S\u00e1nchez\",\"description\":\"\",\"publisher\":{\"@id\":\"https:\\\/\\\/www.joseluissanzencuadernacion.com\\\/#organization\"},\"potentialAction\":[{\"@type\":\"SearchAction\",\"target\":{\"@type\":\"EntryPoint\",\"urlTemplate\":\"https:\\\/\\\/www.joseluissanzencuadernacion.com\\\/?s={search_term_string}\"},\"query-input\":{\"@type\":\"PropertyValueSpecification\",\"valueRequired\":true,\"valueName\":\"search_term_string\"}}],\"inLanguage\":\"en-US\"},{\"@type\":\"Organization\",\"@id\":\"https:\\\/\\\/www.joseluissanzencuadernacion.com\\\/#organization\",\"name\":\"Encuadernaciones Jose Luis S\u00e1nchez\",\"url\":\"https:\\\/\\\/www.joseluissanzencuadernacion.com\\\/\",\"logo\":{\"@type\":\"ImageObject\",\"inLanguage\":\"en-US\",\"@id\":\"https:\\\/\\\/www.joseluissanzencuadernacion.com\\\/#\\\/schema\\\/logo\\\/image\\\/\",\"url\":\"https:\\\/\\\/joseluissanzencuadernacion.com\\\/wp-content\\\/uploads\\\/2024\\\/02\\\/Anagrama.png\",\"contentUrl\":\"https:\\\/\\\/joseluissanzencuadernacion.com\\\/wp-content\\\/uploads\\\/2024\\\/02\\\/Anagrama.png\",\"width\":792,\"height\":744,\"caption\":\"Encuadernaciones Jose Luis S\u00e1nchez\"},\"image\":{\"@id\":\"https:\\\/\\\/www.joseluissanzencuadernacion.com\\\/#\\\/schema\\\/logo\\\/image\\\/\"}}]}<\/script>\n<!-- \/ Yoast SEO plugin. -->","yoast_head_json":{"title":"Contacto","robots":{"index":"index","follow":"follow","max-snippet":"max-snippet:-1","max-image-preview":"max-image-preview:large","max-video-preview":"max-video-preview:-1"},"canonical":"https:\/\/www.joseluissanzencuadernacion.com\/en\/contacto\/","og_locale":"en_US","og_type":"article","og_title":"[:es]Contacto[:] - Encuadernaciones Jose Luis Sanz","og_description":"Contacto PUEDES ENCONTRARNOS AQU\u00cd Jos\u00e9 Luis Sanz Garc\u00eda ENCUADERNACI\u00d3N, S.L. Calle Cerrajeros, 7Pol\u00edgono Industrial de URTINSA28923 ALCORC\u00d3N (MADRID) Tel. 91 641 59 04 \u2013 91 643 73 95Fax. 91 643 64 40 O NOS PUEDES ESCRIBIR Rellena los campos del siguiente formulario y nosotros recibiremos tu solicitud por correo electr\u00f3nico. \u00a1Importante! Todos los campos son obligatorios.","og_url":"https:\/\/www.joseluissanzencuadernacion.com\/en\/contacto\/","og_site_name":"Encuadernaciones Jose Luis Sanz","article_modified_time":"2025-02-26T16:53:19+00:00","twitter_card":"summary_large_image","twitter_misc":{"Est. reading time":"1 minute"},"schema":{"@context":"https:\/\/schema.org","@graph":[{"@type":"WebPage","@id":"https:\/\/www.joseluissanzencuadernacion.com\/contacto\/","url":"https:\/\/www.joseluissanzencuadernacion.com\/contacto\/","name":"Contacto","isPartOf":{"@id":"https:\/\/www.joseluissanzencuadernacion.com\/#website"},"datePublished":"2024-02-23T03:29:47+00:00","dateModified":"2025-02-26T16:53:19+00:00","breadcrumb":{"@id":"https:\/\/www.joseluissanzencuadernacion.com\/contacto\/#breadcrumb"},"inLanguage":"en-US","potentialAction":[{"@type":"ReadAction","target":["https:\/\/www.joseluissanzencuadernacion.com\/contacto\/"]}]},{"@type":"BreadcrumbList","@id":"https:\/\/www.joseluissanzencuadernacion.com\/contacto\/#breadcrumb","itemListElement":[{"@type":"ListItem","position":1,"name":"Portada","item":"https:\/\/www.joseluissanzencuadernacion.com\/"},{"@type":"ListItem","position":2,"name":"Contacto"}]},{"@type":"WebSite","@id":"https:\/\/www.joseluissanzencuadernacion.com\/#website","url":"https:\/\/www.joseluissanzencuadernacion.com\/","name":"Encuadernaciones Jose Luis S\u00e1nchez","description":"","publisher":{"@id":"https:\/\/www.joseluissanzencuadernacion.com\/#organization"},"potentialAction":[{"@type":"SearchAction","target":{"@type":"EntryPoint","urlTemplate":"https:\/\/www.joseluissanzencuadernacion.com\/?s={search_term_string}"},"query-input":{"@type":"PropertyValueSpecification","valueRequired":true,"valueName":"search_term_string"}}],"inLanguage":"en-US"},{"@type":"Organization","@id":"https:\/\/www.joseluissanzencuadernacion.com\/#organization","name":"Encuadernaciones Jose Luis S\u00e1nchez","url":"https:\/\/www.joseluissanzencuadernacion.com\/","logo":{"@type":"ImageObject","inLanguage":"en-US","@id":"https:\/\/www.joseluissanzencuadernacion.com\/#\/schema\/logo\/image\/","url":"https:\/\/joseluissanzencuadernacion.com\/wp-content\/uploads\/2024\/02\/Anagrama.png","contentUrl":"https:\/\/joseluissanzencuadernacion.com\/wp-content\/uploads\/2024\/02\/Anagrama.png","width":792,"height":744,"caption":"Encuadernaciones Jose Luis S\u00e1nchez"},"image":{"@id":"https:\/\/www.joseluissanzencuadernacion.com\/#\/schema\/logo\/image\/"}}]}},"_links":{"self":[{"href":"https:\/\/www.joseluissanzencuadernacion.com\/en\/wp-json\/wp\/v2\/pages\/21","targetHints":{"allow":["GET"]}}],"collection":[{"href":"https:\/\/www.joseluissanzencuadernacion.com\/en\/wp-json\/wp\/v2\/pages"}],"about":[{"href":"https:\/\/www.joseluissanzencuadernacion.com\/en\/wp-json\/wp\/v2\/types\/page"}],"author":[{"embeddable":true,"href":"https:\/\/www.joseluissanzencuadernacion.com\/en\/wp-json\/wp\/v2\/users\/1"}],"replies":[{"embeddable":true,"href":"https:\/\/www.joseluissanzencuadernacion.com\/en\/wp-json\/wp\/v2\/comments?post=21"}],"version-history":[{"count":61,"href":"https:\/\/www.joseluissanzencuadernacion.com\/en\/wp-json\/wp\/v2\/pages\/21\/revisions"}],"predecessor-version":[{"id":856,"href":"https:\/\/www.joseluissanzencuadernacion.com\/en\/wp-json\/wp\/v2\/pages\/21\/revisions\/856"}],"wp:attachment":[{"href":"https:\/\/www.joseluissanzencuadernacion.com\/en\/wp-json\/wp\/v2\/media?parent=21"}],"curies":[{"name":"wp","href":"https:\/\/api.w.org\/{rel}","templated":true}]}}